{"id":6,"date":"2021-02-08T07:01:10","date_gmt":"2021-02-08T07:01:10","guid":{"rendered":"http:\/\/quardo.themezinho.net\/?page_id=6"},"modified":"2024-03-26T12:00:44","modified_gmt":"2024-03-26T12:00:44","slug":"home","status":"publish","type":"page","link":"https:\/\/kutupengineering.com\/","title":{"rendered":"Anasayfa"},"content":{"rendered":"<section class=\"wpb-content-wrapper\"><p>[vc_row motts_theme_padding=&#8221;no&#8221; css=&#8221;.vc_custom_1612803023895{margin-right: 0px !important;margin-left: 0px !important;}&#8221;][vc_column css=&#8221;.vc_custom_1612768591085{padding-right: 0px !important;padding-left: 0px !important;}&#8221;][ts_header_slider total=&#8221;&#8221; next=&#8221;&#8221; prev=&#8221;&#8221; details=&#8221;%5B%7B%22image%22%3A%22778%22%2C%22tagline%22%3A%22KONAKLAMA%20TES%C4%B0SLER%C4%B0%20ODAKLI%22%2C%22title%22%3A%22Profesyonel%20%C4%B0klimlendirme%20%C3%87%C3%B6z%C3%BCmleri%22%2C%22link%22%3A%22KE%C5%9EFET%22%2C%22link_url%22%3A%22%2Freferanslar%2F%22%7D%2C%7B%22image%22%3A%22939%22%7D%2C%7B%22image%22%3A%22777%22%2C%22tagline%22%3A%22TEKN%C4%B0K%20SERV%C4%B0S%20%26%20KONTROL%20TAK%C4%B0BE%20DAYALI%22%2C%22title%22%3A%22Ak%C4%B1ll%C4%B1%20M%C3%BChendislik%20Hizmetleri%20%22%2C%22link%22%3A%22KE%C5%9EFED%C4%B0N%22%2C%22link_url%22%3A%22%2Freferanslar%22%7D%2C%7B%22image%22%3A%22776%22%2C%22tagline%22%3A%22PROAKT%C4%B0F%20%26%20PER%C4%B0YOD%C4%B0K%20KONTROLL%C3%9C%20H%C4%B0ZMETLERLE%22%2C%22title%22%3A%22S%C3%BCre%C3%A7leriniz%20hi%C3%A7%20aksamas%C4%B1n%22%2C%22link%22%3A%22KE%C5%9EFET%22%2C%22link_url%22%3A%22%2Freferanslar%2F%22%7D%5D&#8221;][\/vc_column][\/vc_row][vc_row content_placement=&#8221;middle&#8221; section_background_color=&#8221;#a7a7a7&#8243; use_container=&#8221;yes&#8221; css=&#8221;.vc_custom_1704791773837{margin-right: 0px !important;margin-left: 0px !important;}&#8221;][vc_column css=&#8221;.vc_custom_1612784855129{padding-right: 0px !important;padding-left: 0px !important;}&#8221;][ts_section_title title_color=&#8221;light&#8221;]<\/p>\n<h6>KONAKLAMA TES\u0130SLER\u0130 \u0130\u00c7\u0130N PER\u0130YOD\u0130K<\/h6>\n<h3>PROAKT\u0130F TEKN\u0130K SERV\u0130S H\u0130ZMETLER\u0130<\/h3>\n<p>[\/ts_section_title][ts_recent_news post_number=&#8221;2&#8243;][\/vc_column][\/vc_row][vc_row use_container=&#8221;yes&#8221; css=&#8221;.vc_custom_1613410342857{margin-right: 0px !important;margin-left: 0px !important;}&#8221;][vc_column css=&#8221;.vc_custom_1613408758224{padding-right: 0px !important;padding-left: 0px !important;}&#8221;][vc_row_inner][vc_column_inner width=&#8221;11\/12&#8243;][ts_section_title title_align=&#8221;text-center&#8221;]<\/p>\n<h6>M\u00dc\u015eTER\u0130 ODAKLI OLARAK PLANLANAN<\/h6>\n<h4><a href=\"https:\/\/kutupengineering.com\/?page_id=435\">SERV\u0130SLER<\/a><\/h4>\n<p>[\/ts_section_title][\/vc_column_inner][\/vc_row_inner][vc_row_inner][vc_column_inner][ts_carousel_image_box details=&#8221;%5B%7B%22image%22%3A%22792%22%2C%22title%22%3A%22Bak%C4%B1m%20%26%20Tamir%20Hizmetleri%22%7D%2C%7B%22image%22%3A%22794%22%2C%22title%22%3A%22M%C3%BChendislik%20Hizmetleri%22%7D%2C%7B%22image%22%3A%22796%22%2C%22title%22%3A%22%C4%B0klimlendirme%20Hizmetleri%22%7D%2C%7B%22image%22%3A%22790%22%2C%22title%22%3A%22End%C3%BCstriyel%20Mutfak%20Servisi%22%7D%5D&#8221;][\/vc_column_inner][\/vc_row_inner][\/vc_column][\/vc_row][vc_row content_placement=&#8221;middle&#8221; section_background_color=&#8221;#f5f3ec&#8221; motts_theme_padding=&#8221;no&#8221; use_container=&#8221;yes&#8221;][vc_column offset=&#8221;vc_col-md-7&#8243;][ts_side_gallery image1=&#8221;834&#8243; image2=&#8221;1011&#8243; image3=&#8221;830&#8243;][\/vc_column][vc_column offset=&#8221;vc_col-md-5&#8243;][ts_side_content align=&#8221;text-center&#8221; display_button=&#8221;yes&#8221; button_label=&#8221;KE\u015eFED\u0130N&#8221; button_url=&#8221;\/?page_id=192&#8243;]<\/p>\n<h2 style=\"text-align: center;\">\u0130klimlendirme uzman\u0131<\/h2>\n<p style=\"text-align: center;\">Uzun y\u0131llara dayanan sekt\u00f6rel deneyimini, konaklama tesisleri iklimlendirme ve servis hizmetlerine yo\u011funla\u015ft\u0131ran Kutup Engineering, \u00a0%100 m\u00fc\u015fteri memnuniyeti anlay\u0131\u015f\u0131yla \u00e7\u00f6z\u00fcm \u00fcretmektedir.<\/p>\n<p>[\/ts_side_content][\/vc_column][\/vc_row][vc_row content_placement=&#8221;middle&#8221; section_background_color=&#8221;#003366&#8243; motts_theme_padding=&#8221;no&#8221; use_container=&#8221;yes&#8221; css=&#8221;.vc_custom_1696672350129{margin-right: 0px !important;margin-left: 0px !important;padding-top: 2px !important;padding-bottom: 2px !important;}&#8221;][vc_column offset=&#8221;vc_col-md-6&#8243; css=&#8221;.vc_custom_1612782839723{padding-right: 0px !important;padding-left: 0px !important;}&#8221;][ts_side_content align=&#8221;text-left&#8221; color=&#8221;light&#8221; display_button=&#8221;yes&#8221; button_label=&#8221;SERV\u0130S \u00c7A\u011eIR&#8221; button_url=&#8221;\/?page_id=146&#8243;]<\/p>\n<h6>HOSPITALITY ENGINEERING SERVICE<\/h6>\n<h3>\u0130leti\u015fim &amp; Servis Talep Formu<\/h3>\n<p>Lokasyonunuza ba\u011fl\u0131 olu\u015fan anl\u0131k ar\u0131zalar i\u00e7in talebinizi iletebilirsiniz.[\/ts_side_content][\/vc_column][vc_column offset=&#8221;vc_col-md-6&#8243; css=&#8221;.vc_custom_1612782843801{padding-right: 0px !important;padding-left: 0px !important;}&#8221;][ts_side_image position=&#8221;right-align&#8221; image=&#8221;505&#8243; alt=&#8221;Image&#8221;][\/vc_column][\/vc_row]<\/p>\n<\/section>","protected":false},"excerpt":{"rendered":"<p>[vc_row motts_theme_padding=&#8221;no&#8221; css=&#8221;.vc_custom_1612803023895{margin-right: 0px !important;margin-left: 0px !important;}&#8221;][vc_column css=&#8221;.vc_custom_1612768591085{padding-right: 0px !important;padding-left: 0px !important;}&#8221;][ts_header_slider total=&#8221;&#8221; next=&#8221;&#8221; prev=&#8221;&#8221; details=&#8221;%5B%7B%22image%22%3A%22778%22%2C%22tagline%22%3A%22KONAKLAMA%20TES%C4%B0SLER%C4%B0%20ODAKLI%22%2C%22title%22%3A%22Profesyonel%20%C4%B0klimlendirme%20%C3%87%C3%B6z%C3%BCmleri%22%2C%22link%22%3A%22KE%C5%9EFET%22%2C%22link_url%22%3A%22%2Freferanslar%2F%22%7D%2C%7B%22image%22%3A%22939%22%7D%2C%7B%22image%22%3A%22777%22%2C%22tagline%22%3A%22TEKN%C4%B0K%20SERV%C4%B0S%20%26%20KONTROL%20TAK%C4%B0BE%20DAYALI%22%2C%22title%22%3A%22Ak%C4%B1ll%C4%B1%20M%C3%BChendislik%20Hizmetleri%20%22%2C%22link%22%3A%22KE%C5%9EFED%C4%B0N%22%2C%22link_url%22%3A%22%2Freferanslar%22%7D%2C%7B%22image%22%3A%22776%22%2C%22tagline%22%3A%22PROAKT%C4%B0F%20%26%20PER%C4%B0YOD%C4%B0K%20KONTROLL%C3%9C%20H%C4%B0ZMETLERLE%22%2C%22title%22%3A%22S%C3%BCre%C3%A7leriniz%20hi%C3%A7%20aksamas%C4%B1n%22%2C%22link%22%3A%22KE%C5%9EFET%22%2C%22link_url%22%3A%22%2Freferanslar%2F%22%7D%5D&#8221;][\/vc_column][\/vc_row][vc_row content_placement=&#8221;middle&#8221; section_background_color=&#8221;#a7a7a7&#8243; use_container=&#8221;yes&#8221; css=&#8221;.vc_custom_1704791773837{margin-right: 0px !important;margin-left: 0px !important;}&#8221;][vc_column css=&#8221;.vc_custom_1612784855129{padding-right: 0px !important;padding-left: 0px !important;}&#8221;][ts_section_title title_color=&#8221;light&#8221;] KONAKLAMA TES\u0130SLER\u0130 \u0130\u00c7\u0130N PER\u0130YOD\u0130K PROAKT\u0130F TEKN\u0130K SERV\u0130S H\u0130ZMETLER\u0130 [\/ts_section_title][ts_recent_news post_number=&#8221;2&#8243;][\/vc_column][\/vc_row][vc_row use_container=&#8221;yes&#8221; css=&#8221;.vc_custom_1613410342857{margin-right: 0px !important;margin-left: 0px !important;}&#8221;][vc_column css=&#8221;.vc_custom_1613408758224{padding-right: 0px !important;padding-left: 0px !important;}&#8221;][vc_row_inner][vc_column_inner width=&#8221;11\/12&#8243;][ts_section_title title_align=&#8221;text-center&#8221;] M\u00dc\u015eTER\u0130 ODAKLI [&hellip;]<\/p>\n","protected":false},"author":1,"featured_media":0,"parent":0,"menu_order":0,"comment_status":"closed","ping_status":"closed","template":"page-builder.php","meta":{"footnotes":""},"class_list":["post-6","page","type-page","status-publish","hentry"],"acf":[],"_links":{"self":[{"href":"https:\/\/kutupengineering.com\/index.php?rest_route=\/wp\/v2\/pages\/6","targetHints":{"allow":["GET"]}}],"collection":[{"href":"https:\/\/kutupengineering.com\/index.php?rest_route=\/wp\/v2\/pages"}],"about":[{"href":"https:\/\/kutupengineering.com\/index.php?rest_route=\/wp\/v2\/types\/page"}],"author":[{"embeddable":true,"href":"https:\/\/kutupengineering.com\/index.php?rest_route=\/wp\/v2\/users\/1"}],"replies":[{"embeddable":true,"href":"https:\/\/kutupengineering.com\/index.php?rest_route=%2Fwp%2Fv2%2Fcomments&post=6"}],"version-history":[{"count":140,"href":"https:\/\/kutupengineering.com\/index.php?rest_route=\/wp\/v2\/pages\/6\/revisions"}],"predecessor-version":[{"id":1016,"href":"https:\/\/kutupengineering.com\/index.php?rest_route=\/wp\/v2\/pages\/6\/revisions\/1016"}],"wp:attachment":[{"href":"https:\/\/kutupengineering.com\/index.php?rest_route=%2Fwp%2Fv2%2Fmedia&parent=6"}],"curies":[{"name":"wp","href":"https:\/\/api.w.org\/{rel}","templated":true}]}}