{"id":470,"date":"2023-09-30T15:25:41","date_gmt":"2023-09-30T15:25:41","guid":{"rendered":"https:\/\/kutupengineering.com\/?page_id=470"},"modified":"2023-10-17T19:40:49","modified_gmt":"2023-10-17T19:40:49","slug":"teknik-servis-hizmetleri","status":"publish","type":"page","link":"https:\/\/kutupengineering.com\/?page_id=470","title":{"rendered":"Teknik Servis Hizmetleri"},"content":{"rendered":"<section class=\"wpb-content-wrapper\"><p>[vc_row][vc_column width=&#8221;1\/2&#8243;][vc_single_image image=&#8221;561&#8243; img_size=&#8221;100&#215;100&#8243; alignment=&#8221;center&#8221;][vc_column_text]<\/p>\n<h3>Teknik Servis Hizmetleri<\/h3>\n<p>Olu\u015fabilecek ar\u0131zalar en h\u0131zl\u0131 \u015fekilde giderilece\u011fi gibi y\u0131lda periyodik saha ziyareti yap\u0131lmaktad\u0131r. \u00c7\u00f6z\u00fcm odakl\u0131 g\u00fcncel e\u011fitimler ile her zaman hizmete haz\u0131r\u0131z.<\/p>\n<ol>\n<li>End\u00fcstriyel Su Ar\u0131tma Sistemleri<\/li>\n<li>GES Ar\u0131za-Bak\u0131m \u0130\u015fleri<\/li>\n<li>Termal-Solar Sistemler<\/li>\n<li>Is\u0131 Pompas\u0131<\/li>\n<\/ol>\n<p>[\/vc_column_text][\/vc_column][vc_column width=&#8221;1\/2&#8243;][vc_single_image image=&#8221;505&#8243; img_size=&#8221;full&#8221;][\/vc_column][\/vc_row]<\/p>\n<\/section>","protected":false},"excerpt":{"rendered":"<p>[vc_row][vc_column width=&#8221;1\/2&#8243;][vc_single_image image=&#8221;561&#8243; img_size=&#8221;100&#215;100&#8243; alignment=&#8221;center&#8221;][vc_column_text] Teknik Servis Hizmetleri Olu\u015fabilecek ar\u0131zalar en h\u0131zl\u0131 \u015fekilde giderilece\u011fi gibi y\u0131lda periyodik saha ziyareti yap\u0131lmaktad\u0131r. \u00c7\u00f6z\u00fcm odakl\u0131 g\u00fcncel e\u011fitimler ile her zaman hizmete haz\u0131r\u0131z. End\u00fcstriyel Su Ar\u0131tma Sistemleri GES Ar\u0131za-Bak\u0131m \u0130\u015fleri Termal-Solar Sistemler Is\u0131 Pompas\u0131 [\/vc_column_text][\/vc_column][vc_column width=&#8221;1\/2&#8243;][vc_single_image image=&#8221;505&#8243; img_size=&#8221;full&#8221;][\/vc_column][\/vc_row]<\/p>\n","protected":false},"author":1,"featured_media":0,"parent":0,"menu_order":0,"comment_status":"closed","ping_status":"closed","template":"","meta":{"footnotes":""},"class_list":["post-470","page","type-page","status-publish","hentry"],"acf":[],"_links":{"self":[{"href":"https:\/\/kutupengineering.com\/index.php?rest_route=\/wp\/v2\/pages\/470","targetHints":{"allow":["GET"]}}],"collection":[{"href":"https:\/\/kutupengineering.com\/index.php?rest_route=\/wp\/v2\/pages"}],"about":[{"href":"https:\/\/kutupengineering.com\/index.php?rest_route=\/wp\/v2\/types\/page"}],"author":[{"embeddable":true,"href":"https:\/\/kutupengineering.com\/index.php?rest_route=\/wp\/v2\/users\/1"}],"replies":[{"embeddable":true,"href":"https:\/\/kutupengineering.com\/index.php?rest_route=%2Fwp%2Fv2%2Fcomments&post=470"}],"version-history":[{"count":5,"href":"https:\/\/kutupengineering.com\/index.php?rest_route=\/wp\/v2\/pages\/470\/revisions"}],"predecessor-version":[{"id":838,"href":"https:\/\/kutupengineering.com\/index.php?rest_route=\/wp\/v2\/pages\/470\/revisions\/838"}],"wp:attachment":[{"href":"https:\/\/kutupengineering.com\/index.php?rest_route=%2Fwp%2Fv2%2Fmedia&parent=470"}],"curies":[{"name":"wp","href":"https:\/\/api.w.org\/{rel}","templated":true}]}}